{"id":25157,"date":"2022-08-24T17:31:20","date_gmt":"2022-08-24T17:31:20","guid":{"rendered":"https:\/\/zpowerperu.com\/?page_id=25157"},"modified":"2022-08-24T17:43:28","modified_gmt":"2022-08-24T17:43:28","slug":"contacto","status":"publish","type":"page","link":"https:\/\/zpowerperu.com\/?page_id=25157","title":{"rendered":"Contacto"},"content":{"rendered":"\t\t<div data-elementor-type=\"wp-page\" data-elementor-id=\"25157\" class=\"elementor elementor-25157\">\n\t\t\t\t\t\t<section class=\"elementor-section elementor-top-section elementor-element elementor-element-b2a63f0 elementor-section-boxed elementor-section-height-default elementor-section-height-default elementor-invisible\" data-id=\"b2a63f0\" data-element_type=\"section\" data-settings=\"{&quot;background_background&quot;:&quot;slideshow&quot;,&quot;background_slideshow_gallery&quot;:[{&quot;id&quot;:67,&quot;url&quot;:&quot;https:\\\/\\\/zpowerperu.com\\\/wp-content\\\/uploads\\\/2020\\\/07\\\/bg1.png&quot;}],&quot;animation&quot;:&quot;fadeIn&quot;,&quot;background_slideshow_loop&quot;:&quot;yes&quot;,&quot;background_slideshow_slide_duration&quot;:5000,&quot;background_slideshow_slide_transition&quot;:&quot;fade&quot;,&quot;background_slideshow_transition_duration&quot;:500}\">\n\t\t\t\t\t\t<div class=\"elementor-container elementor-column-gap-default\">\n\t\t\t\t\t<div class=\"elementor-column elementor-col-100 elementor-top-column elementor-element elementor-element-449674b\" data-id=\"449674b\" data-element_type=\"column\">\n\t\t\t<div class=\"elementor-widget-wrap elementor-element-populated\">\n\t\t\t\t\t\t<div class=\"elementor-element elementor-element-050c11e elementor-widget elementor-widget-spacer\" data-id=\"050c11e\" data-element_type=\"widget\" data-widget_type=\"spacer.default\">\n\t\t\t\t<div class=\"elementor-widget-container\">\n\t\t\t\t\t<div class=\"elementor-spacer\">\n\t\t\t<div class=\"elementor-spacer-inner\"><\/div>\n\t\t<\/div>\n\t\t\t\t<\/div>\n\t\t\t\t<\/div>\n\t\t\t\t<div class=\"elementor-element elementor-element-5189182 elementor-invisible elementor-widget elementor-widget-heading\" data-id=\"5189182\" data-element_type=\"widget\" data-settings=\"{&quot;_animation&quot;:&quot;fadeInUp&quot;}\" data-widget_type=\"heading.default\">\n\t\t\t\t<div class=\"elementor-widget-container\">\n\t\t\t<h2 class=\"elementor-heading-title elementor-size-default\">CONTACTO<\/h2>\t\t<\/div>\n\t\t\t\t<\/div>\n\t\t\t\t<div class=\"elementor-element elementor-element-7829585 elementor-widget elementor-widget-spacer\" data-id=\"7829585\" data-element_type=\"widget\" data-widget_type=\"spacer.default\">\n\t\t\t\t<div class=\"elementor-widget-container\">\n\t\t\t\t\t<div class=\"elementor-spacer\">\n\t\t\t<div class=\"elementor-spacer-inner\"><\/div>\n\t\t<\/div>\n\t\t\t\t<\/div>\n\t\t\t\t<\/div>\n\t\t\t\t\t<\/div>\n\t\t<\/div>\n\t\t\t\t\t<\/div>\n\t\t<\/section>\n\t\t\t\t<section class=\"elementor-section elementor-top-section elementor-element elementor-element-f69c39c elementor-section-boxed elementor-section-height-default elementor-section-height-default\" data-id=\"f69c39c\" data-element_type=\"section\">\n\t\t\t\t\t\t<div class=\"elementor-container elementor-column-gap-default\">\n\t\t\t\t\t<div class=\"elementor-column elementor-col-100 elementor-top-column elementor-element elementor-element-3d1bf7f\" data-id=\"3d1bf7f\" data-element_type=\"column\">\n\t\t\t<div class=\"elementor-widget-wrap elementor-element-populated\">\n\t\t\t\t\t\t<div class=\"elementor-element elementor-element-f3d2b43 elementor-widget elementor-widget-spacer\" data-id=\"f3d2b43\" data-element_type=\"widget\" data-widget_type=\"spacer.default\">\n\t\t\t\t<div class=\"elementor-widget-container\">\n\t\t\t\t\t<div class=\"elementor-spacer\">\n\t\t\t<div class=\"elementor-spacer-inner\"><\/div>\n\t\t<\/div>\n\t\t\t\t<\/div>\n\t\t\t\t<\/div>\n\t\t\t\t\t<\/div>\n\t\t<\/div>\n\t\t\t\t\t<\/div>\n\t\t<\/section>\n\t\t\t\t<section class=\"elementor-section elementor-top-section elementor-element elementor-element-3f91df4 elementor-section-boxed elementor-section-height-default elementor-section-height-default\" data-id=\"3f91df4\" data-element_type=\"section\">\n\t\t\t\t\t\t<div class=\"elementor-container elementor-column-gap-extended\">\n\t\t\t\t\t<div class=\"elementor-column elementor-col-66 elementor-top-column elementor-element elementor-element-d4cda6b\" data-id=\"d4cda6b\" data-element_type=\"column\">\n\t\t\t<div class=\"elementor-widget-wrap elementor-element-populated\">\n\t\t\t\t\t\t<div class=\"elementor-element elementor-element-1266875 elementor-widget elementor-widget-google_maps\" data-id=\"1266875\" data-element_type=\"widget\" data-widget_type=\"google_maps.default\">\n\t\t\t\t<div class=\"elementor-widget-container\">\n\t\t\t\t\t<div class=\"elementor-custom-embed\">\n\t\t\t<iframe loading=\"lazy\"\n\t\t\t\t\tsrc=\"https:\/\/maps.google.com\/maps?q=av.%20las%20lomas%20214&#038;t=m&#038;z=17&#038;output=embed&#038;iwloc=near\"\n\t\t\t\t\ttitle=\"av. las lomas 214\"\n\t\t\t\t\taria-label=\"av. las lomas 214\"\n\t\t\t><\/iframe>\n\t\t<\/div>\n\t\t\t\t<\/div>\n\t\t\t\t<\/div>\n\t\t\t\t\t<\/div>\n\t\t<\/div>\n\t\t\t\t<div class=\"elementor-column elementor-col-33 elementor-top-column elementor-element elementor-element-2c79386\" data-id=\"2c79386\" data-element_type=\"column\">\n\t\t\t<div class=\"elementor-widget-wrap elementor-element-populated\">\n\t\t\t\t\t\t<div class=\"elementor-element elementor-element-7274711 elementor-widget elementor-widget-heading\" data-id=\"7274711\" data-element_type=\"widget\" data-widget_type=\"heading.default\">\n\t\t\t\t<div class=\"elementor-widget-container\">\n\t\t\t<h2 class=\"elementor-heading-title elementor-size-default\">Informaci\u00f3n de contacto<\/h2>\t\t<\/div>\n\t\t\t\t<\/div>\n\t\t\t\t<div class=\"elementor-element elementor-element-3a652ad elementor-widget elementor-widget-heading\" data-id=\"3a652ad\" data-element_type=\"widget\" data-widget_type=\"heading.default\">\n\t\t\t\t<div class=\"elementor-widget-container\">\n\t\t\t<h3 class=\"elementor-heading-title elementor-size-default\">Raz\u00f3n social<\/h3>\t\t<\/div>\n\t\t\t\t<\/div>\n\t\t\t\t<div class=\"elementor-element elementor-element-387bf8c elementor-widget elementor-widget-text-editor\" data-id=\"387bf8c\" data-element_type=\"widget\" data-widget_type=\"text-editor.default\">\n\t\t\t\t<div class=\"elementor-widget-container\">\n\t\t\t\t\t\t\t<p>ZPowerPer\u00fa<br \/>10093251038<\/p>\t\t\t\t\t\t<\/div>\n\t\t\t\t<\/div>\n\t\t\t\t<div class=\"elementor-element elementor-element-1996fb5 elementor-widget elementor-widget-heading\" data-id=\"1996fb5\" data-element_type=\"widget\" data-widget_type=\"heading.default\">\n\t\t\t\t<div class=\"elementor-widget-container\">\n\t\t\t<h3 class=\"elementor-heading-title elementor-size-default\">Tel\u00e9fonos<\/h3>\t\t<\/div>\n\t\t\t\t<\/div>\n\t\t\t\t<div class=\"elementor-element elementor-element-5b6776f elementor-widget elementor-widget-text-editor\" data-id=\"5b6776f\" data-element_type=\"widget\" data-widget_type=\"text-editor.default\">\n\t\t\t\t<div class=\"elementor-widget-container\">\n\t\t\t\t\t\t\t<p>+51 932396305<br \/>+51 998070470<br \/>(01) 4590297<\/p>\t\t\t\t\t\t<\/div>\n\t\t\t\t<\/div>\n\t\t\t\t<div class=\"elementor-element elementor-element-b1105c5 elementor-widget elementor-widget-heading\" data-id=\"b1105c5\" data-element_type=\"widget\" data-widget_type=\"heading.default\">\n\t\t\t\t<div class=\"elementor-widget-container\">\n\t\t\t<h3 class=\"elementor-heading-title elementor-size-default\">Correo<\/h3>\t\t<\/div>\n\t\t\t\t<\/div>\n\t\t\t\t<div class=\"elementor-element elementor-element-a2b224c elementor-widget elementor-widget-text-editor\" data-id=\"a2b224c\" data-element_type=\"widget\" data-widget_type=\"text-editor.default\">\n\t\t\t\t<div class=\"elementor-widget-container\">\n\t\t\t\t\t\t\t<p>zpowerperu@outlook.com<br \/>jainorzevallos@gmail.com<\/p>\t\t\t\t\t\t<\/div>\n\t\t\t\t<\/div>\n\t\t\t\t<div class=\"elementor-element elementor-element-d8cd824 elementor-widget elementor-widget-heading\" data-id=\"d8cd824\" data-element_type=\"widget\" data-widget_type=\"heading.default\">\n\t\t\t\t<div class=\"elementor-widget-container\">\n\t\t\t<h3 class=\"elementor-heading-title elementor-size-default\">Direcci\u00f3n<\/h3>\t\t<\/div>\n\t\t\t\t<\/div>\n\t\t\t\t<div class=\"elementor-element elementor-element-8abe996 elementor-widget elementor-widget-text-editor\" data-id=\"8abe996\" data-element_type=\"widget\" data-widget_type=\"text-editor.default\">\n\t\t\t\t<div class=\"elementor-widget-container\">\n\t\t\t\t\t\t\t<p>Av. Las Lomas 214 Urb. Z\u00e1rate<br \/>San Juan de Lurigancho-Lima<\/p>\t\t\t\t\t\t<\/div>\n\t\t\t\t<\/div>\n\t\t\t\t<div class=\"elementor-element elementor-element-a822bd4 elementor-widget elementor-widget-heading\" data-id=\"a822bd4\" data-element_type=\"widget\" data-widget_type=\"heading.default\">\n\t\t\t\t<div class=\"elementor-widget-container\">\n\t\t\t<h3 class=\"elementor-heading-title elementor-size-default\">Redes sociales<\/h3>\t\t<\/div>\n\t\t\t\t<\/div>\n\t\t\t\t<div class=\"elementor-element elementor-element-d959d03 elementor-widget elementor-widget-button\" data-id=\"d959d03\" data-element_type=\"widget\" data-widget_type=\"button.default\">\n\t\t\t\t<div class=\"elementor-widget-container\">\n\t\t\t\t\t<div class=\"elementor-button-wrapper\">\n\t\t\t<a class=\"elementor-button elementor-button-link elementor-size-sm\" href=\"https:\/\/www.facebook.com\/profile.php?id=100018909332775\" target=\"_blank\">\n\t\t\t\t\t\t<span class=\"elementor-button-content-wrapper\">\n\t\t\t\t\t\t<span class=\"elementor-button-icon\">\n\t\t\t\t<i aria-hidden=\"true\" class=\"fab fa-facebook\"><\/i>\t\t\t<\/span>\n\t\t\t\t\t\t\t\t\t<span class=\"elementor-button-text\">Facebook<\/span>\n\t\t\t\t\t<\/span>\n\t\t\t\t\t<\/a>\n\t\t<\/div>\n\t\t\t\t<\/div>\n\t\t\t\t<\/div>\n\t\t\t\t\t<\/div>\n\t\t<\/div>\n\t\t\t\t\t<\/div>\n\t\t<\/section>\n\t\t\t\t<section class=\"elementor-section elementor-top-section elementor-element elementor-element-bd492da elementor-section-boxed elementor-section-height-default elementor-section-height-default\" data-id=\"bd492da\" data-element_type=\"section\">\n\t\t\t\t\t\t<div class=\"elementor-container elementor-column-gap-default\">\n\t\t\t\t\t<div class=\"elementor-column elementor-col-100 elementor-top-column elementor-element elementor-element-2144552\" data-id=\"2144552\" data-element_type=\"column\">\n\t\t\t<div class=\"elementor-widget-wrap elementor-element-populated\">\n\t\t\t\t\t\t<div class=\"elementor-element elementor-element-9fff222 elementor-widget elementor-widget-spacer\" data-id=\"9fff222\" data-element_type=\"widget\" data-widget_type=\"spacer.default\">\n\t\t\t\t<div class=\"elementor-widget-container\">\n\t\t\t\t\t<div class=\"elementor-spacer\">\n\t\t\t<div class=\"elementor-spacer-inner\"><\/div>\n\t\t<\/div>\n\t\t\t\t<\/div>\n\t\t\t\t<\/div>\n\t\t\t\t\t<\/div>\n\t\t<\/div>\n\t\t\t\t\t<\/div>\n\t\t<\/section>\n\t\t\t\t<\/div>\n\t\t","protected":false},"excerpt":{"rendered":"<p>CONTACTO Informaci\u00f3n de contacto Raz\u00f3n social ZPowerPer\u00fa10093251038 Tel\u00e9fonos +51 932396305+51 998070470(01) 4590297 Correo zpowerperu@outlook.comjainorzevallos@gmail.com Direcci\u00f3n Av. Las Lomas 214 Urb. Z\u00e1rateSan Juan de Lurigancho-Lima Redes sociales Facebook<\/p>\n","protected":false},"author":1,"featured_media":0,"parent":0,"menu_order":0,"comment_status":"closed","ping_status":"closed","template":"","meta":{"site-sidebar-layout":"no-sidebar","site-content-layout":"page-builder","ast-global-header-display":"","ast-main-header-display":"","ast-hfb-above-header-display":"","ast-hfb-below-header-display":"","ast-hfb-mobile-header-display":"","site-post-title":"disabled","ast-breadcrumbs-content":"","ast-featured-img":"disabled","footer-sml-layout":"","theme-transparent-header-meta":"","adv-header-id-meta":"","stick-header-meta":"","header-above-stick-meta":"","header-main-stick-meta":"","header-below-stick-meta":"","footnotes":""},"class_list":["post-25157","page","type-page","status-publish","hentry"],"yoast_head":"<!-- This site is optimized with the Yoast SEO plugin v19.6 - https:\/\/yoast.com\/wordpress\/plugins\/seo\/ -->\n<title>Contacto - Z Power Peru<\/title>\n<meta name=\"robots\" content=\"index, follow, max-snippet:-1, max-image-preview:large, max-video-preview:-1\" \/>\n<link rel=\"canonical\" href=\"https:\/\/zpowerperu.com\/?page_id=25157\" \/>\n<meta property=\"og:locale\" content=\"es_ES\" \/>\n<meta property=\"og:type\" content=\"article\" \/>\n<meta property=\"og:title\" content=\"Contacto - Z Power Peru\" \/>\n<meta property=\"og:description\" content=\"CONTACTO Informaci\u00f3n de contacto Raz\u00f3n social ZPowerPer\u00fa10093251038 Tel\u00e9fonos +51 932396305+51 998070470(01) 4590297 Correo zpowerperu@outlook.comjainorzevallos@gmail.com Direcci\u00f3n Av. Las Lomas 214 Urb. Z\u00e1rateSan Juan de Lurigancho-Lima Redes sociales Facebook\" \/>\n<meta property=\"og:url\" content=\"https:\/\/zpowerperu.com\/?page_id=25157\" \/>\n<meta property=\"og:site_name\" content=\"Z Power Peru\" \/>\n<meta property=\"article:publisher\" content=\"https:\/\/www.facebook.com\/profile.php?id=100018909332775\" \/>\n<meta property=\"article:modified_time\" content=\"2022-08-24T17:43:28+00:00\" \/>\n<meta name=\"twitter:label1\" content=\"Tiempo de lectura\" \/>\n\t<meta name=\"twitter:data1\" content=\"1 minuto\" \/>\n<script type=\"application\/ld+json\" class=\"yoast-schema-graph\">{\"@context\":\"https:\/\/schema.org\",\"@graph\":[{\"@type\":\"WebPage\",\"@id\":\"https:\/\/zpowerperu.com\/?page_id=25157\",\"url\":\"https:\/\/zpowerperu.com\/?page_id=25157\",\"name\":\"Contacto - Z Power Peru\",\"isPartOf\":{\"@id\":\"https:\/\/zpowerperu.com\/#website\"},\"datePublished\":\"2022-08-24T17:31:20+00:00\",\"dateModified\":\"2022-08-24T17:43:28+00:00\",\"breadcrumb\":{\"@id\":\"https:\/\/zpowerperu.com\/?page_id=25157#breadcrumb\"},\"inLanguage\":\"es\",\"potentialAction\":[{\"@type\":\"ReadAction\",\"target\":[\"https:\/\/zpowerperu.com\/?page_id=25157\"]}]},{\"@type\":\"BreadcrumbList\",\"@id\":\"https:\/\/zpowerperu.com\/?page_id=25157#breadcrumb\",\"itemListElement\":[{\"@type\":\"ListItem\",\"position\":1,\"name\":\"Inicio\",\"item\":\"https:\/\/zpowerperu.com\/\"},{\"@type\":\"ListItem\",\"position\":2,\"name\":\"Contacto\"}]},{\"@type\":\"WebSite\",\"@id\":\"https:\/\/zpowerperu.com\/#website\",\"url\":\"https:\/\/zpowerperu.com\/\",\"name\":\"Z Power Peru\",\"description\":\"\",\"publisher\":{\"@id\":\"https:\/\/zpowerperu.com\/#organization\"},\"potentialAction\":[{\"@type\":\"SearchAction\",\"target\":{\"@type\":\"EntryPoint\",\"urlTemplate\":\"https:\/\/zpowerperu.com\/?s={search_term_string}\"},\"query-input\":\"required name=search_term_string\"}],\"inLanguage\":\"es\"},{\"@type\":\"Organization\",\"@id\":\"https:\/\/zpowerperu.com\/#organization\",\"name\":\"Z Power Peru\",\"url\":\"https:\/\/zpowerperu.com\/\",\"sameAs\":[\"https:\/\/www.facebook.com\/profile.php?id=100018909332775\"],\"logo\":{\"@type\":\"ImageObject\",\"inLanguage\":\"es\",\"@id\":\"https:\/\/zpowerperu.com\/#\/schema\/logo\/image\/\",\"url\":\"https:\/\/zpowerperu.com\/wp-content\/uploads\/2020\/07\/cropped-logo.png\",\"contentUrl\":\"https:\/\/zpowerperu.com\/wp-content\/uploads\/2020\/07\/cropped-logo.png\",\"width\":128,\"height\":81,\"caption\":\"Z Power Peru\"},\"image\":{\"@id\":\"https:\/\/zpowerperu.com\/#\/schema\/logo\/image\/\"}}]}<\/script>\n<!-- \/ Yoast SEO plugin. -->","yoast_head_json":{"title":"Contacto - Z Power Peru","robots":{"index":"index","follow":"follow","max-snippet":"max-snippet:-1","max-image-preview":"max-image-preview:large","max-video-preview":"max-video-preview:-1"},"canonical":"https:\/\/zpowerperu.com\/?page_id=25157","og_locale":"es_ES","og_type":"article","og_title":"Contacto - Z Power Peru","og_description":"CONTACTO Informaci\u00f3n de contacto Raz\u00f3n social ZPowerPer\u00fa10093251038 Tel\u00e9fonos +51 932396305+51 998070470(01) 4590297 Correo zpowerperu@outlook.comjainorzevallos@gmail.com Direcci\u00f3n Av. Las Lomas 214 Urb. Z\u00e1rateSan Juan de Lurigancho-Lima Redes sociales Facebook","og_url":"https:\/\/zpowerperu.com\/?page_id=25157","og_site_name":"Z Power Peru","article_publisher":"https:\/\/www.facebook.com\/profile.php?id=100018909332775","article_modified_time":"2022-08-24T17:43:28+00:00","twitter_misc":{"Tiempo de lectura":"1 minuto"},"schema":{"@context":"https:\/\/schema.org","@graph":[{"@type":"WebPage","@id":"https:\/\/zpowerperu.com\/?page_id=25157","url":"https:\/\/zpowerperu.com\/?page_id=25157","name":"Contacto - Z Power Peru","isPartOf":{"@id":"https:\/\/zpowerperu.com\/#website"},"datePublished":"2022-08-24T17:31:20+00:00","dateModified":"2022-08-24T17:43:28+00:00","breadcrumb":{"@id":"https:\/\/zpowerperu.com\/?page_id=25157#breadcrumb"},"inLanguage":"es","potentialAction":[{"@type":"ReadAction","target":["https:\/\/zpowerperu.com\/?page_id=25157"]}]},{"@type":"BreadcrumbList","@id":"https:\/\/zpowerperu.com\/?page_id=25157#breadcrumb","itemListElement":[{"@type":"ListItem","position":1,"name":"Inicio","item":"https:\/\/zpowerperu.com\/"},{"@type":"ListItem","position":2,"name":"Contacto"}]},{"@type":"WebSite","@id":"https:\/\/zpowerperu.com\/#website","url":"https:\/\/zpowerperu.com\/","name":"Z Power Peru","description":"","publisher":{"@id":"https:\/\/zpowerperu.com\/#organization"},"potentialAction":[{"@type":"SearchAction","target":{"@type":"EntryPoint","urlTemplate":"https:\/\/zpowerperu.com\/?s={search_term_string}"},"query-input":"required name=search_term_string"}],"inLanguage":"es"},{"@type":"Organization","@id":"https:\/\/zpowerperu.com\/#organization","name":"Z Power Peru","url":"https:\/\/zpowerperu.com\/","sameAs":["https:\/\/www.facebook.com\/profile.php?id=100018909332775"],"logo":{"@type":"ImageObject","inLanguage":"es","@id":"https:\/\/zpowerperu.com\/#\/schema\/logo\/image\/","url":"https:\/\/zpowerperu.com\/wp-content\/uploads\/2020\/07\/cropped-logo.png","contentUrl":"https:\/\/zpowerperu.com\/wp-content\/uploads\/2020\/07\/cropped-logo.png","width":128,"height":81,"caption":"Z Power Peru"},"image":{"@id":"https:\/\/zpowerperu.com\/#\/schema\/logo\/image\/"}}]}},"_links":{"self":[{"href":"https:\/\/zpowerperu.com\/index.php?rest_route=\/wp\/v2\/pages\/25157"}],"collection":[{"href":"https:\/\/zpowerperu.com\/index.php?rest_route=\/wp\/v2\/pages"}],"about":[{"href":"https:\/\/zpowerperu.com\/index.php?rest_route=\/wp\/v2\/types\/page"}],"author":[{"embeddable":true,"href":"https:\/\/zpowerperu.com\/index.php?rest_route=\/wp\/v2\/users\/1"}],"replies":[{"embeddable":true,"href":"https:\/\/zpowerperu.com\/index.php?rest_route=%2Fwp%2Fv2%2Fcomments&post=25157"}],"version-history":[{"count":16,"href":"https:\/\/zpowerperu.com\/index.php?rest_route=\/wp\/v2\/pages\/25157\/revisions"}],"predecessor-version":[{"id":25174,"href":"https:\/\/zpowerperu.com\/index.php?rest_route=\/wp\/v2\/pages\/25157\/revisions\/25174"}],"wp:attachment":[{"href":"https:\/\/zpowerperu.com\/index.php?rest_route=%2Fwp%2Fv2%2Fmedia&parent=25157"}],"curies":[{"name":"wp","href":"https:\/\/api.w.org\/{rel}","templated":true}]}}